{"id":3738,"date":"2023-02-21T21:34:51","date_gmt":"2023-02-21T20:34:51","guid":{"rendered":"https:\/\/daphnedejay.com\/art\/?page_id=3738"},"modified":"2024-06-15T15:51:32","modified_gmt":"2024-06-15T13:51:32","slug":"actus","status":"publish","type":"page","link":"https:\/\/daphnedejay.com\/art\/actus\/","title":{"rendered":"Actus"},"content":{"rendered":"<div  class='flex_column av-4uhdfe-c6f8f4c34b86b7c4bd26fce0711f3a32 av_one_full  avia-builder-el-0  el_before_av_magazine  avia-builder-el-first  first flex_column_div  '     ><div  class='hr av-lhnl6daf-c6ca78db914fd6bb1c280955e435f6ab hr-short  avia-builder-el-1  avia-builder-el-no-sibling  hr-center'><span class='hr-inner '><span class=\"hr-inner-style\"><\/span><\/span><\/div><\/div>\n<div  id=\"avia-magazine-1\"  class='av-magazine av-lhjlk3dx-3c3af97e1bf06aac24e5646bc2db8f24  avia-builder-el-2  el_after_av_one_full  el_before_av_hr   avia-builder-el-2  el_after_av_one_full  el_before_av_hr ' ><div class='av-magazine-group sort_all'><article class='av-magazine-entry av-magazine-entry-id-5194 av-magazine-format-standard av-magazine-type-post av-magazine-entry-1 av-magazine-entry-small '  itemscope=\"itemscope\" itemtype=\"https:\/\/schema.org\/CreativeWork\" ><div class=\"av-magazine-thumbnail\"><a href='https:\/\/daphnedejay.com\/art\/actus-2026\/' title='Lier vers : Actus 2026' class='av-magazine-thumbnail-link'><img decoding=\"async\" fetchpriority=\"high\" width=\"80\" height=\"80\" src=\"https:\/\/daphnedejay.com\/art\/wp-content\/uploads\/2026\/02\/IMG_8110-80x80.jpeg\" class=\"wp-image-5198 avia-img-lazy-loading-not-5198 attachment-thumbnail size-thumbnail wp-post-image\" alt=\"\" srcset=\"https:\/\/daphnedejay.com\/art\/wp-content\/uploads\/2026\/02\/IMG_8110-80x80.jpeg 80w, https:\/\/daphnedejay.com\/art\/wp-content\/uploads\/2026\/02\/IMG_8110-36x36.jpeg 36w, https:\/\/daphnedejay.com\/art\/wp-content\/uploads\/2026\/02\/IMG_8110-180x180.jpeg 180w, https:\/\/daphnedejay.com\/art\/wp-content\/uploads\/2026\/02\/IMG_8110-120x120.jpeg 120w, https:\/\/daphnedejay.com\/art\/wp-content\/uploads\/2026\/02\/IMG_8110-450x450.jpeg 450w, https:\/\/daphnedejay.com\/art\/wp-content\/uploads\/2026\/02\/IMG_8110-100x100.jpeg 100w\" sizes=\"(max-width: 80px) 100vw, 80px\" \/><\/a><\/div><div class=\"av-magazine-content-wrap\"><header class=\"entry-content-header\" aria-label=\"Post: Actus 2026\"><time class='av-magazine-time updated'  itemprop=\"datePublished\" datetime=\"2026-02-08T13:21:14+01:00\" >8 f\u00e9vrier 2026<\/time><span class=\"av-magazine-cats-wrap\"><span class=\"av-magazine-text-sep text-sep-cats\">In<\/span><span class=\"av-magazine-cats minor-meta\"><a href=\"https:\/\/daphnedejay.com\/art\/category\/news\/\" rel=\"tag\">News<\/a> <\/span><\/span><h3 class='av-magazine-title entry-title '  itemprop=\"headline\" ><a href='https:\/\/daphnedejay.com\/art\/actus-2026\/' title='Lier vers : Actus 2026'>Actus 2026<\/a><\/h3><\/header><\/div><footer class=\"entry-footer\"><\/footer><\/article><article class='av-magazine-entry av-magazine-entry-id-4960 av-magazine-format-standard av-magazine-type-post av-magazine-entry-2 av-magazine-entry-small '  itemscope=\"itemscope\" itemtype=\"https:\/\/schema.org\/CreativeWork\" ><div class=\"av-magazine-thumbnail\"><a href='https:\/\/daphnedejay.com\/art\/actus-2024-2\/' title='Lier vers : Actus 2025' class='av-magazine-thumbnail-link'><img decoding=\"async\" fetchpriority=\"high\" width=\"80\" height=\"80\" src=\"https:\/\/daphnedejay.com\/art\/wp-content\/uploads\/2025\/06\/IMG_3927-80x80.jpg\" class=\"wp-image-4939 avia-img-lazy-loading-not-4939 attachment-thumbnail size-thumbnail wp-post-image\" alt=\"\" srcset=\"https:\/\/daphnedejay.com\/art\/wp-content\/uploads\/2025\/06\/IMG_3927-80x80.jpg 80w, https:\/\/daphnedejay.com\/art\/wp-content\/uploads\/2025\/06\/IMG_3927-300x301.jpg 300w, https:\/\/daphnedejay.com\/art\/wp-content\/uploads\/2025\/06\/IMG_3927-1026x1030.jpg 1026w, https:\/\/daphnedejay.com\/art\/wp-content\/uploads\/2025\/06\/IMG_3927-768x771.jpg 768w, https:\/\/daphnedejay.com\/art\/wp-content\/uploads\/2025\/06\/IMG_3927-36x36.jpg 36w, https:\/\/daphnedejay.com\/art\/wp-content\/uploads\/2025\/06\/IMG_3927-180x180.jpg 180w, https:\/\/daphnedejay.com\/art\/wp-content\/uploads\/2025\/06\/IMG_3927-702x705.jpg 702w, https:\/\/daphnedejay.com\/art\/wp-content\/uploads\/2025\/06\/IMG_3927-120x120.jpg 120w, https:\/\/daphnedejay.com\/art\/wp-content\/uploads\/2025\/06\/IMG_3927-450x452.jpg 450w, https:\/\/daphnedejay.com\/art\/wp-content\/uploads\/2025\/06\/IMG_3927-600x602.jpg 600w, https:\/\/daphnedejay.com\/art\/wp-content\/uploads\/2025\/06\/IMG_3927-100x100.jpg 100w, https:\/\/daphnedejay.com\/art\/wp-content\/uploads\/2025\/06\/IMG_3927.jpg 1290w\" sizes=\"(max-width: 80px) 100vw, 80px\" \/><\/a><\/div><div class=\"av-magazine-content-wrap\"><header class=\"entry-content-header\" aria-label=\"Post: Actus 2025\"><time class='av-magazine-time updated'  itemprop=\"datePublished\" datetime=\"2025-06-25T11:57:55+02:00\" >25 juin 2025<\/time><span class=\"av-magazine-cats-wrap\"><span class=\"av-magazine-text-sep text-sep-cats\">In<\/span><span class=\"av-magazine-cats minor-meta\"><a href=\"https:\/\/daphnedejay.com\/art\/category\/news\/\" rel=\"tag\">News<\/a> <\/span><\/span><h3 class='av-magazine-title entry-title '  itemprop=\"headline\" ><a href='https:\/\/daphnedejay.com\/art\/actus-2024-2\/' title='Lier vers : Actus 2025'>Actus 2025<\/a><\/h3><\/header><\/div><footer class=\"entry-footer\"><\/footer><\/article><article class='av-magazine-entry av-magazine-entry-id-4732 av-magazine-format-standard av-magazine-type-post av-magazine-entry-3 av-magazine-entry-small '  itemscope=\"itemscope\" itemtype=\"https:\/\/schema.org\/CreativeWork\" ><div class=\"av-magazine-thumbnail\"><a href='https:\/\/daphnedejay.com\/art\/actus-2024\/' title='Lier vers : Actus 2024' class='av-magazine-thumbnail-link'><img decoding=\"async\" fetchpriority=\"high\" width=\"80\" height=\"80\" src=\"https:\/\/daphnedejay.com\/art\/wp-content\/uploads\/2024\/06\/T2Relephant-NOVEMBRE-1-80x80.jpg\" class=\"wp-image-4719 avia-img-lazy-loading-not-4719 attachment-thumbnail size-thumbnail wp-post-image\" alt=\"\" srcset=\"https:\/\/daphnedejay.com\/art\/wp-content\/uploads\/2024\/06\/T2Relephant-NOVEMBRE-1-80x80.jpg 80w, https:\/\/daphnedejay.com\/art\/wp-content\/uploads\/2024\/06\/T2Relephant-NOVEMBRE-1-300x300.jpg 300w, https:\/\/daphnedejay.com\/art\/wp-content\/uploads\/2024\/06\/T2Relephant-NOVEMBRE-1-1030x1030.jpg 1030w, https:\/\/daphnedejay.com\/art\/wp-content\/uploads\/2024\/06\/T2Relephant-NOVEMBRE-1-768x768.jpg 768w, https:\/\/daphnedejay.com\/art\/wp-content\/uploads\/2024\/06\/T2Relephant-NOVEMBRE-1-36x36.jpg 36w, https:\/\/daphnedejay.com\/art\/wp-content\/uploads\/2024\/06\/T2Relephant-NOVEMBRE-1-180x180.jpg 180w, https:\/\/daphnedejay.com\/art\/wp-content\/uploads\/2024\/06\/T2Relephant-NOVEMBRE-1-705x705.jpg 705w, https:\/\/daphnedejay.com\/art\/wp-content\/uploads\/2024\/06\/T2Relephant-NOVEMBRE-1-120x120.jpg 120w, https:\/\/daphnedejay.com\/art\/wp-content\/uploads\/2024\/06\/T2Relephant-NOVEMBRE-1-450x450.jpg 450w, https:\/\/daphnedejay.com\/art\/wp-content\/uploads\/2024\/06\/T2Relephant-NOVEMBRE-1-600x600.jpg 600w, https:\/\/daphnedejay.com\/art\/wp-content\/uploads\/2024\/06\/T2Relephant-NOVEMBRE-1-100x100.jpg 100w, https:\/\/daphnedejay.com\/art\/wp-content\/uploads\/2024\/06\/T2Relephant-NOVEMBRE-1.jpg 1200w\" sizes=\"(max-width: 80px) 100vw, 80px\" \/><\/a><\/div><div class=\"av-magazine-content-wrap\"><header class=\"entry-content-header\" aria-label=\"Post: Actus 2024\"><time class='av-magazine-time updated'  itemprop=\"datePublished\" datetime=\"2024-06-15T15:53:07+02:00\" >15 juin 2024<\/time><span class=\"av-magazine-cats-wrap\"><span class=\"av-magazine-text-sep text-sep-cats\">In<\/span><span class=\"av-magazine-cats minor-meta\"><a href=\"https:\/\/daphnedejay.com\/art\/category\/news\/\" rel=\"tag\">News<\/a> <\/span><\/span><h3 class='av-magazine-title entry-title '  itemprop=\"headline\" ><a href='https:\/\/daphnedejay.com\/art\/actus-2024\/' title='Lier vers : Actus 2024'>Actus 2024<\/a><\/h3><\/header><\/div><footer class=\"entry-footer\"><\/footer><\/article><article class='av-magazine-entry av-magazine-entry-id-3814 av-magazine-format-standard av-magazine-type-post av-magazine-entry-4 av-magazine-entry-small '  itemscope=\"itemscope\" itemtype=\"https:\/\/schema.org\/CreativeWork\" ><div class=\"av-magazine-thumbnail\"><a href='https:\/\/daphnedejay.com\/art\/actus-2023\/' title='Lier vers : Actus 2023' class='av-magazine-thumbnail-link'><img decoding=\"async\" fetchpriority=\"high\" width=\"80\" height=\"80\" src=\"https:\/\/daphnedejay.com\/art\/wp-content\/uploads\/2023\/05\/009-image-1-80x80.jpg\" class=\"wp-image-3808 avia-img-lazy-loading-not-3808 attachment-thumbnail size-thumbnail wp-post-image\" alt=\"\" srcset=\"https:\/\/daphnedejay.com\/art\/wp-content\/uploads\/2023\/05\/009-image-1-80x80.jpg 80w, https:\/\/daphnedejay.com\/art\/wp-content\/uploads\/2023\/05\/009-image-1-36x36.jpg 36w, https:\/\/daphnedejay.com\/art\/wp-content\/uploads\/2023\/05\/009-image-1-180x180.jpg 180w, https:\/\/daphnedejay.com\/art\/wp-content\/uploads\/2023\/05\/009-image-1-120x120.jpg 120w, https:\/\/daphnedejay.com\/art\/wp-content\/uploads\/2023\/05\/009-image-1-450x450.jpg 450w, https:\/\/daphnedejay.com\/art\/wp-content\/uploads\/2023\/05\/009-image-1-100x100.jpg 100w\" sizes=\"(max-width: 80px) 100vw, 80px\" \/><\/a><\/div><div class=\"av-magazine-content-wrap\"><header class=\"entry-content-header\" aria-label=\"Post: Actus 2023\"><time class='av-magazine-time updated'  itemprop=\"datePublished\" datetime=\"2023-05-12T13:17:41+02:00\" >12 mai 2023<\/time><span class=\"av-magazine-cats-wrap\"><span class=\"av-magazine-text-sep text-sep-cats\">In<\/span><span class=\"av-magazine-cats minor-meta\"><a href=\"https:\/\/daphnedejay.com\/art\/category\/news\/\" rel=\"tag\">News<\/a> <\/span><\/span><h3 class='av-magazine-title entry-title '  itemprop=\"headline\" ><a href='https:\/\/daphnedejay.com\/art\/actus-2023\/' title='Lier vers : Actus 2023'>Actus 2023<\/a><\/h3><\/header><\/div><footer class=\"entry-footer\"><\/footer><\/article><article class='av-magazine-entry av-magazine-entry-id-3789 av-magazine-format-standard av-magazine-type-post av-magazine-entry-5 av-magazine-entry-small '  itemscope=\"itemscope\" itemtype=\"https:\/\/schema.org\/CreativeWork\" ><div class=\"av-magazine-thumbnail\"><a href='https:\/\/daphnedejay.com\/art\/actus-2022\/' title='Lier vers : Actus 2022' class='av-magazine-thumbnail-link'><img decoding=\"async\" fetchpriority=\"high\" width=\"80\" height=\"80\" src=\"https:\/\/daphnedejay.com\/art\/wp-content\/uploads\/2023\/02\/002-image-piano-2-80x80.jpg\" class=\"wp-image-3783 avia-img-lazy-loading-not-3783 attachment-thumbnail size-thumbnail wp-post-image\" alt=\"\" srcset=\"https:\/\/daphnedejay.com\/art\/wp-content\/uploads\/2023\/02\/002-image-piano-2-80x80.jpg 80w, https:\/\/daphnedejay.com\/art\/wp-content\/uploads\/2023\/02\/002-image-piano-2-36x36.jpg 36w, https:\/\/daphnedejay.com\/art\/wp-content\/uploads\/2023\/02\/002-image-piano-2-180x180.jpg 180w, https:\/\/daphnedejay.com\/art\/wp-content\/uploads\/2023\/02\/002-image-piano-2-120x120.jpg 120w, https:\/\/daphnedejay.com\/art\/wp-content\/uploads\/2023\/02\/002-image-piano-2-450x450.jpg 450w, https:\/\/daphnedejay.com\/art\/wp-content\/uploads\/2023\/02\/002-image-piano-2-100x100.jpg 100w\" sizes=\"(max-width: 80px) 100vw, 80px\" \/><\/a><\/div><div class=\"av-magazine-content-wrap\"><header class=\"entry-content-header\" aria-label=\"Post: Actus 2022\"><time class='av-magazine-time updated'  itemprop=\"datePublished\" datetime=\"2023-05-12T12:23:19+02:00\" >12 mai 2023<\/time><span class=\"av-magazine-cats-wrap\"><span class=\"av-magazine-text-sep text-sep-cats\">In<\/span><span class=\"av-magazine-cats minor-meta\"><a href=\"https:\/\/daphnedejay.com\/art\/category\/news\/\" rel=\"tag\">News<\/a> <\/span><\/span><h3 class='av-magazine-title entry-title '  itemprop=\"headline\" ><a href='https:\/\/daphnedejay.com\/art\/actus-2022\/' title='Lier vers : Actus 2022'>Actus 2022<\/a><\/h3><\/header><\/div><footer class=\"entry-footer\"><\/footer><\/article><\/div><div class='av-masonry-pagination av-masonry-pagination-pagination'><nav class='pagination'><span class='pagination-meta'>Page 1 sur 2<\/span><span class='current'>1<\/span><a href='https:\/\/daphnedejay.com\/art\/wp-json\/wp\/v2\/pages\/3738\/?avia-element-paging=2' class='inactive next_page' >2<\/a><\/nav>\n<\/div><\/div>\n<div  class='hr av-3a3eq2-2d0e8824616bd42789fa70f908a90dca hr-default  avia-builder-el-3  el_after_av_magazine  avia-builder-el-last '><span class='hr-inner '><span class=\"hr-inner-style\"><\/span><\/span><\/div>\n","protected":false},"excerpt":{"rendered":"","protected":false},"author":2,"featured_media":0,"parent":0,"menu_order":0,"comment_status":"closed","ping_status":"closed","template":"","meta":{"om_disable_all_campaigns":false,"_monsterinsights_skip_tracking":false,"_monsterinsights_sitenote_active":false,"_monsterinsights_sitenote_note":"","_monsterinsights_sitenote_category":0,"footnotes":""},"class_list":["post-3738","page","type-page","status-publish","hentry"],"yoast_head":"<!-- This site is optimized with the Yoast SEO plugin v22.9 - https:\/\/yoast.com\/wordpress\/plugins\/seo\/ -->\n<title>Actus - Daphn\u00e9 Dejay<\/title>\n<meta name=\"robots\" content=\"index, follow, max-snippet:-1, max-image-preview:large, max-video-preview:-1\" \/>\n<link rel=\"canonical\" href=\"https:\/\/daphnedejay.com\/art\/actus\/\" \/>\n<meta property=\"og:locale\" content=\"fr_FR\" \/>\n<meta property=\"og:type\" content=\"article\" \/>\n<meta property=\"og:title\" content=\"Actus - Daphn\u00e9 Dejay\" \/>\n<meta property=\"og:url\" content=\"https:\/\/daphnedejay.com\/art\/actus\/\" \/>\n<meta property=\"og:site_name\" content=\"Daphn\u00e9 Dejay\" \/>\n<meta property=\"article:modified_time\" content=\"2024-06-15T13:51:32+00:00\" \/>\n<meta name=\"twitter:card\" content=\"summary_large_image\" \/>\n<meta name=\"twitter:label1\" content=\"Dur\u00e9e de lecture estim\u00e9e\" \/>\n\t<meta name=\"twitter:data1\" content=\"3 minutes\" \/>\n<script type=\"application\/ld+json\" class=\"yoast-schema-graph\">{\"@context\":\"https:\/\/schema.org\",\"@graph\":[{\"@type\":\"WebPage\",\"@id\":\"https:\/\/daphnedejay.com\/art\/actus\/\",\"url\":\"https:\/\/daphnedejay.com\/art\/actus\/\",\"name\":\"Actus - Daphn\u00e9 Dejay\",\"isPartOf\":{\"@id\":\"https:\/\/daphnedejay.com\/art\/#website\"},\"datePublished\":\"2023-02-21T20:34:51+00:00\",\"dateModified\":\"2024-06-15T13:51:32+00:00\",\"breadcrumb\":{\"@id\":\"https:\/\/daphnedejay.com\/art\/actus\/#breadcrumb\"},\"inLanguage\":\"fr-FR\",\"potentialAction\":[{\"@type\":\"ReadAction\",\"target\":[\"https:\/\/daphnedejay.com\/art\/actus\/\"]}]},{\"@type\":\"BreadcrumbList\",\"@id\":\"https:\/\/daphnedejay.com\/art\/actus\/#breadcrumb\",\"itemListElement\":[{\"@type\":\"ListItem\",\"position\":1,\"name\":\"Accueil\",\"item\":\"https:\/\/daphnedejay.com\/art\/\"},{\"@type\":\"ListItem\",\"position\":2,\"name\":\"Actus\"}]},{\"@type\":\"WebSite\",\"@id\":\"https:\/\/daphnedejay.com\/art\/#website\",\"url\":\"https:\/\/daphnedejay.com\/art\/\",\"name\":\"Daphn\u00e9 Dejay\",\"description\":\"-\",\"potentialAction\":[{\"@type\":\"SearchAction\",\"target\":{\"@type\":\"EntryPoint\",\"urlTemplate\":\"https:\/\/daphnedejay.com\/art\/?s={search_term_string}\"},\"query-input\":\"required name=search_term_string\"}],\"inLanguage\":\"fr-FR\"}]}<\/script>\n<!-- \/ Yoast SEO plugin. -->","yoast_head_json":{"title":"Actus - Daphn\u00e9 Dejay","robots":{"index":"index","follow":"follow","max-snippet":"max-snippet:-1","max-image-preview":"max-image-preview:large","max-video-preview":"max-video-preview:-1"},"canonical":"https:\/\/daphnedejay.com\/art\/actus\/","og_locale":"fr_FR","og_type":"article","og_title":"Actus - Daphn\u00e9 Dejay","og_url":"https:\/\/daphnedejay.com\/art\/actus\/","og_site_name":"Daphn\u00e9 Dejay","article_modified_time":"2024-06-15T13:51:32+00:00","twitter_card":"summary_large_image","twitter_misc":{"Dur\u00e9e de lecture estim\u00e9e":"3 minutes"},"schema":{"@context":"https:\/\/schema.org","@graph":[{"@type":"WebPage","@id":"https:\/\/daphnedejay.com\/art\/actus\/","url":"https:\/\/daphnedejay.com\/art\/actus\/","name":"Actus - Daphn\u00e9 Dejay","isPartOf":{"@id":"https:\/\/daphnedejay.com\/art\/#website"},"datePublished":"2023-02-21T20:34:51+00:00","dateModified":"2024-06-15T13:51:32+00:00","breadcrumb":{"@id":"https:\/\/daphnedejay.com\/art\/actus\/#breadcrumb"},"inLanguage":"fr-FR","potentialAction":[{"@type":"ReadAction","target":["https:\/\/daphnedejay.com\/art\/actus\/"]}]},{"@type":"BreadcrumbList","@id":"https:\/\/daphnedejay.com\/art\/actus\/#breadcrumb","itemListElement":[{"@type":"ListItem","position":1,"name":"Accueil","item":"https:\/\/daphnedejay.com\/art\/"},{"@type":"ListItem","position":2,"name":"Actus"}]},{"@type":"WebSite","@id":"https:\/\/daphnedejay.com\/art\/#website","url":"https:\/\/daphnedejay.com\/art\/","name":"Daphn\u00e9 Dejay","description":"-","potentialAction":[{"@type":"SearchAction","target":{"@type":"EntryPoint","urlTemplate":"https:\/\/daphnedejay.com\/art\/?s={search_term_string}"},"query-input":"required name=search_term_string"}],"inLanguage":"fr-FR"}]}},"_links":{"self":[{"href":"https:\/\/daphnedejay.com\/art\/wp-json\/wp\/v2\/pages\/3738","targetHints":{"allow":["GET"]}}],"collection":[{"href":"https:\/\/daphnedejay.com\/art\/wp-json\/wp\/v2\/pages"}],"about":[{"href":"https:\/\/daphnedejay.com\/art\/wp-json\/wp\/v2\/types\/page"}],"author":[{"embeddable":true,"href":"https:\/\/daphnedejay.com\/art\/wp-json\/wp\/v2\/users\/2"}],"replies":[{"embeddable":true,"href":"https:\/\/daphnedejay.com\/art\/wp-json\/wp\/v2\/comments?post=3738"}],"version-history":[{"count":32,"href":"https:\/\/daphnedejay.com\/art\/wp-json\/wp\/v2\/pages\/3738\/revisions"}],"predecessor-version":[{"id":4729,"href":"https:\/\/daphnedejay.com\/art\/wp-json\/wp\/v2\/pages\/3738\/revisions\/4729"}],"wp:attachment":[{"href":"https:\/\/daphnedejay.com\/art\/wp-json\/wp\/v2\/media?parent=3738"}],"curies":[{"name":"wp","href":"https:\/\/api.w.org\/{rel}","templated":true}]}}