{"id":3142,"date":"2022-12-14T16:14:24","date_gmt":"2022-12-14T15:14:24","guid":{"rendered":"https:\/\/daphnedejay.com\/art\/?post_type=product&#038;p=3142"},"modified":"2022-12-27T18:34:28","modified_gmt":"2022-12-27T17:34:28","slug":"lalbum-tendresse-de-la-jeune-maman","status":"publish","type":"product","link":"https:\/\/daphnedejay.com\/art\/produit\/lalbum-tendresse-de-la-jeune-maman\/","title":{"rendered":"L&rsquo;album tendresse de la jeune maman"},"content":{"rendered":"<p>L&rsquo;album tendresse de la jeune maman.<\/p>\n<p>Comme un \u00e9crin pour garder le souvenir des premiers regards,<br \/>\ndes premiers \u00e9mois&#8230;<br \/>\nJours apr\u00e8s jours et pour toujours..<br \/>\n158 pages dont 52 illustr\u00e9es<br \/>\nCouverture souple<\/p>\n","protected":false},"excerpt":{"rendered":"<p>L&rsquo;album tendresse de la jeune maman.<\/p>\n","protected":false},"featured_media":3143,"comment_status":"open","ping_status":"closed","template":"","meta":{"om_disable_all_campaigns":false,"_monsterinsights_skip_tracking":false,"_monsterinsights_sitenote_active":false,"_monsterinsights_sitenote_note":"","_monsterinsights_sitenote_category":0},"product_brand":[],"product_cat":[135],"product_tag":[],"class_list":{"0":"post-3142","1":"product","2":"type-product","3":"status-publish","4":"has-post-thumbnail","6":"product_cat-livres","7":"product_shipping_class-colissimo-b","9":"first","10":"instock","11":"shipping-taxable","12":"purchasable","13":"product-type-simple"},"yoast_head":"<!-- This site is optimized with the Yoast SEO plugin v22.9 - https:\/\/yoast.com\/wordpress\/plugins\/seo\/ -->\n<title>L&#039;album tendresse de la jeune maman - Daphn\u00e9 Dejay<\/title>\n<meta name=\"robots\" content=\"index, follow, max-snippet:-1, max-image-preview:large, max-video-preview:-1\" \/>\n<link rel=\"canonical\" href=\"https:\/\/daphnedejay.com\/art\/produit\/lalbum-tendresse-de-la-jeune-maman\/\" \/>\n<meta property=\"og:locale\" content=\"fr_FR\" \/>\n<meta property=\"og:type\" content=\"article\" \/>\n<meta property=\"og:title\" content=\"L&#039;album tendresse de la jeune maman - Daphn\u00e9 Dejay\" \/>\n<meta property=\"og:description\" content=\"L&#039;album tendresse de la jeune maman.\" \/>\n<meta property=\"og:url\" content=\"https:\/\/daphnedejay.com\/art\/produit\/lalbum-tendresse-de-la-jeune-maman\/\" \/>\n<meta property=\"og:site_name\" content=\"Daphn\u00e9 Dejay\" \/>\n<meta property=\"article:modified_time\" content=\"2022-12-27T17:34:28+00:00\" \/>\n<meta property=\"og:image\" content=\"https:\/\/daphnedejay.com\/art\/wp-content\/uploads\/2022\/12\/album-tendresse.jpeg\" \/>\n\t<meta property=\"og:image:width\" content=\"1200\" \/>\n\t<meta property=\"og:image:height\" content=\"1200\" \/>\n\t<meta property=\"og:image:type\" content=\"image\/jpeg\" \/>\n<meta name=\"twitter:card\" content=\"summary_large_image\" \/>\n<script type=\"application\/ld+json\" class=\"yoast-schema-graph\">{\"@context\":\"https:\/\/schema.org\",\"@graph\":[{\"@type\":\"WebPage\",\"@id\":\"https:\/\/daphnedejay.com\/art\/produit\/lalbum-tendresse-de-la-jeune-maman\/\",\"url\":\"https:\/\/daphnedejay.com\/art\/produit\/lalbum-tendresse-de-la-jeune-maman\/\",\"name\":\"L'album tendresse de la jeune maman - Daphn\u00e9 Dejay\",\"isPartOf\":{\"@id\":\"https:\/\/daphnedejay.com\/art\/#website\"},\"primaryImageOfPage\":{\"@id\":\"https:\/\/daphnedejay.com\/art\/produit\/lalbum-tendresse-de-la-jeune-maman\/#primaryimage\"},\"image\":{\"@id\":\"https:\/\/daphnedejay.com\/art\/produit\/lalbum-tendresse-de-la-jeune-maman\/#primaryimage\"},\"thumbnailUrl\":\"https:\/\/daphnedejay.com\/art\/wp-content\/uploads\/2022\/12\/album-tendresse.jpeg\",\"datePublished\":\"2022-12-14T15:14:24+00:00\",\"dateModified\":\"2022-12-27T17:34:28+00:00\",\"breadcrumb\":{\"@id\":\"https:\/\/daphnedejay.com\/art\/produit\/lalbum-tendresse-de-la-jeune-maman\/#breadcrumb\"},\"inLanguage\":\"fr-FR\",\"potentialAction\":[{\"@type\":\"ReadAction\",\"target\":[\"https:\/\/daphnedejay.com\/art\/produit\/lalbum-tendresse-de-la-jeune-maman\/\"]}]},{\"@type\":\"ImageObject\",\"inLanguage\":\"fr-FR\",\"@id\":\"https:\/\/daphnedejay.com\/art\/produit\/lalbum-tendresse-de-la-jeune-maman\/#primaryimage\",\"url\":\"https:\/\/daphnedejay.com\/art\/wp-content\/uploads\/2022\/12\/album-tendresse.jpeg\",\"contentUrl\":\"https:\/\/daphnedejay.com\/art\/wp-content\/uploads\/2022\/12\/album-tendresse.jpeg\",\"width\":1200,\"height\":1200,\"caption\":\"Comme un \u00e9crin pour garder le souvenir des premiers regards, des premiers \u00e9mois... Jours apr\u00e8s jours et pour toujours..\"},{\"@type\":\"BreadcrumbList\",\"@id\":\"https:\/\/daphnedejay.com\/art\/produit\/lalbum-tendresse-de-la-jeune-maman\/#breadcrumb\",\"itemListElement\":[{\"@type\":\"ListItem\",\"position\":1,\"name\":\"Accueil\",\"item\":\"https:\/\/daphnedejay.com\/art\/\"},{\"@type\":\"ListItem\",\"position\":2,\"name\":\"Boutique\",\"item\":\"https:\/\/daphnedejay.com\/art\/boutique\/\"},{\"@type\":\"ListItem\",\"position\":3,\"name\":\"L&rsquo;album tendresse de la jeune maman\"}]},{\"@type\":\"WebSite\",\"@id\":\"https:\/\/daphnedejay.com\/art\/#website\",\"url\":\"https:\/\/daphnedejay.com\/art\/\",\"name\":\"Daphn\u00e9 Dejay\",\"description\":\"-\",\"potentialAction\":[{\"@type\":\"SearchAction\",\"target\":{\"@type\":\"EntryPoint\",\"urlTemplate\":\"https:\/\/daphnedejay.com\/art\/?s={search_term_string}\"},\"query-input\":\"required name=search_term_string\"}],\"inLanguage\":\"fr-FR\"}]}<\/script>\n<!-- \/ Yoast SEO plugin. -->","yoast_head_json":{"title":"L'album tendresse de la jeune maman - Daphn\u00e9 Dejay","robots":{"index":"index","follow":"follow","max-snippet":"max-snippet:-1","max-image-preview":"max-image-preview:large","max-video-preview":"max-video-preview:-1"},"canonical":"https:\/\/daphnedejay.com\/art\/produit\/lalbum-tendresse-de-la-jeune-maman\/","og_locale":"fr_FR","og_type":"article","og_title":"L'album tendresse de la jeune maman - Daphn\u00e9 Dejay","og_description":"L'album tendresse de la jeune maman.","og_url":"https:\/\/daphnedejay.com\/art\/produit\/lalbum-tendresse-de-la-jeune-maman\/","og_site_name":"Daphn\u00e9 Dejay","article_modified_time":"2022-12-27T17:34:28+00:00","og_image":[{"width":1200,"height":1200,"url":"https:\/\/daphnedejay.com\/art\/wp-content\/uploads\/2022\/12\/album-tendresse.jpeg","type":"image\/jpeg"}],"twitter_card":"summary_large_image","schema":{"@context":"https:\/\/schema.org","@graph":[{"@type":"WebPage","@id":"https:\/\/daphnedejay.com\/art\/produit\/lalbum-tendresse-de-la-jeune-maman\/","url":"https:\/\/daphnedejay.com\/art\/produit\/lalbum-tendresse-de-la-jeune-maman\/","name":"L'album tendresse de la jeune maman - Daphn\u00e9 Dejay","isPartOf":{"@id":"https:\/\/daphnedejay.com\/art\/#website"},"primaryImageOfPage":{"@id":"https:\/\/daphnedejay.com\/art\/produit\/lalbum-tendresse-de-la-jeune-maman\/#primaryimage"},"image":{"@id":"https:\/\/daphnedejay.com\/art\/produit\/lalbum-tendresse-de-la-jeune-maman\/#primaryimage"},"thumbnailUrl":"https:\/\/daphnedejay.com\/art\/wp-content\/uploads\/2022\/12\/album-tendresse.jpeg","datePublished":"2022-12-14T15:14:24+00:00","dateModified":"2022-12-27T17:34:28+00:00","breadcrumb":{"@id":"https:\/\/daphnedejay.com\/art\/produit\/lalbum-tendresse-de-la-jeune-maman\/#breadcrumb"},"inLanguage":"fr-FR","potentialAction":[{"@type":"ReadAction","target":["https:\/\/daphnedejay.com\/art\/produit\/lalbum-tendresse-de-la-jeune-maman\/"]}]},{"@type":"ImageObject","inLanguage":"fr-FR","@id":"https:\/\/daphnedejay.com\/art\/produit\/lalbum-tendresse-de-la-jeune-maman\/#primaryimage","url":"https:\/\/daphnedejay.com\/art\/wp-content\/uploads\/2022\/12\/album-tendresse.jpeg","contentUrl":"https:\/\/daphnedejay.com\/art\/wp-content\/uploads\/2022\/12\/album-tendresse.jpeg","width":1200,"height":1200,"caption":"Comme un \u00e9crin pour garder le souvenir des premiers regards, des premiers \u00e9mois... Jours apr\u00e8s jours et pour toujours.."},{"@type":"BreadcrumbList","@id":"https:\/\/daphnedejay.com\/art\/produit\/lalbum-tendresse-de-la-jeune-maman\/#breadcrumb","itemListElement":[{"@type":"ListItem","position":1,"name":"Accueil","item":"https:\/\/daphnedejay.com\/art\/"},{"@type":"ListItem","position":2,"name":"Boutique","item":"https:\/\/daphnedejay.com\/art\/boutique\/"},{"@type":"ListItem","position":3,"name":"L&rsquo;album tendresse de la jeune maman"}]},{"@type":"WebSite","@id":"https:\/\/daphnedejay.com\/art\/#website","url":"https:\/\/daphnedejay.com\/art\/","name":"Daphn\u00e9 Dejay","description":"-","potentialAction":[{"@type":"SearchAction","target":{"@type":"EntryPoint","urlTemplate":"https:\/\/daphnedejay.com\/art\/?s={search_term_string}"},"query-input":"required name=search_term_string"}],"inLanguage":"fr-FR"}]}},"_links":{"self":[{"href":"https:\/\/daphnedejay.com\/art\/wp-json\/wp\/v2\/product\/3142","targetHints":{"allow":["GET"]}}],"collection":[{"href":"https:\/\/daphnedejay.com\/art\/wp-json\/wp\/v2\/product"}],"about":[{"href":"https:\/\/daphnedejay.com\/art\/wp-json\/wp\/v2\/types\/product"}],"replies":[{"embeddable":true,"href":"https:\/\/daphnedejay.com\/art\/wp-json\/wp\/v2\/comments?post=3142"}],"wp:featuredmedia":[{"embeddable":true,"href":"https:\/\/daphnedejay.com\/art\/wp-json\/wp\/v2\/media\/3143"}],"wp:attachment":[{"href":"https:\/\/daphnedejay.com\/art\/wp-json\/wp\/v2\/media?parent=3142"}],"wp:term":[{"taxonomy":"product_brand","embeddable":true,"href":"https:\/\/daphnedejay.com\/art\/wp-json\/wp\/v2\/product_brand?post=3142"},{"taxonomy":"product_cat","embeddable":true,"href":"https:\/\/daphnedejay.com\/art\/wp-json\/wp\/v2\/product_cat?post=3142"},{"taxonomy":"product_tag","embeddable":true,"href":"https:\/\/daphnedejay.com\/art\/wp-json\/wp\/v2\/product_tag?post=3142"}],"curies":[{"name":"wp","href":"https:\/\/api.w.org\/{rel}","templated":true}]}}