{"id":3158,"date":"2022-12-14T16:46:10","date_gmt":"2022-12-14T15:46:10","guid":{"rendered":"https:\/\/daphnedejay.com\/art\/?post_type=product&#038;p=3158"},"modified":"2022-12-27T18:24:01","modified_gmt":"2022-12-27T17:24:01","slug":"qui-veut-ma-tetine","status":"publish","type":"product","link":"https:\/\/daphnedejay.com\/art\/produit\/qui-veut-ma-tetine\/","title":{"rendered":"Qui veut ma t\u00e9tine ?"},"content":{"rendered":"<p>Un petit album jeunesse sur le sevrage de la t\u00e9tine<\/p>\n<p>Grace \u00e0 ce livre, renoncer \u00e0 sa t\u00e9tine devient une \u00e9tape plus accessible \u00e0 l&rsquo;enfant. Pour mieux affronter le sevrage, l&rsquo;enfant choisit sa t\u00e9tine pr\u00e9f\u00e9r\u00e9e parmi les vignettes autocollantes et les colle sur le personnage \u00e0 qui il souhaite la donner.<\/p>\n<p>De plus, une t\u00e9tine cach\u00e9e dans chaque page est \u00e0 trouver et identifier.\u00a0 \u00a0 \u00a0 \u00a0 \u00a0 \u00a0 \u00a0 \u00a0 \u00a0 \u00a0 \u00a0 \u00a0 \u00a0 \u00a0 \u00a0 \u00a0 \u00a0 \u00a0 \u00a0 \u00a0 \u00a0 \u00a0 \u00a0 \u00a0 \u00a0 \u00a0 \u00a0 \u00a0 \u00a0 \u00a0 \u00a0 \u00a0 \u00a0 \u00a0 \u00a0 \u00a0 \u00a0 \u00a0 \u00a0 \u00a0 \u00a0 \u00a0 \u00a0 \u00a024 pages illustr\u00e9es &#8211; Couverture mousse<br \/>\nFormat : 15 cm x 15 cm<\/p>\n","protected":false},"excerpt":{"rendered":"<p>Un petit album jeunesse sur le sevrage de la t\u00e9tine Grace \u00e0 ce livre, renoncer \u00e0 sa t\u00e9tine devient une \u00e9tape plus accessible \u00e0 l&rsquo;enfant. Pour mieux affronter le sevrage, l&rsquo;enfant choisit sa t\u00e9tine pr\u00e9f\u00e9r\u00e9e parmi les vignettes autocollantes et les colle sur le personnage \u00e0 qui il souhaite la donner. De plus, une t\u00e9tine [&hellip;]<\/p>\n","protected":false},"featured_media":3159,"comment_status":"open","ping_status":"closed","template":"","meta":{"om_disable_all_campaigns":false,"_monsterinsights_skip_tracking":false,"_monsterinsights_sitenote_active":false,"_monsterinsights_sitenote_note":"","_monsterinsights_sitenote_category":0},"product_brand":[],"product_cat":[135],"product_tag":[],"class_list":{"0":"post-3158","1":"product","2":"type-product","3":"status-publish","4":"has-post-thumbnail","6":"product_cat-livres","7":"product_shipping_class-colissimo-a","9":"first","10":"instock","11":"shipping-taxable","12":"purchasable","13":"product-type-simple"},"yoast_head":"<!-- This site is optimized with the Yoast SEO plugin v22.9 - https:\/\/yoast.com\/wordpress\/plugins\/seo\/ -->\n<title>Qui veut ma t\u00e9tine ? - Daphn\u00e9 Dejay<\/title>\n<meta name=\"robots\" content=\"index, follow, max-snippet:-1, max-image-preview:large, max-video-preview:-1\" \/>\n<link rel=\"canonical\" href=\"https:\/\/daphnedejay.com\/art\/produit\/qui-veut-ma-tetine\/\" \/>\n<meta property=\"og:locale\" content=\"fr_FR\" \/>\n<meta property=\"og:type\" content=\"article\" \/>\n<meta property=\"og:title\" content=\"Qui veut ma t\u00e9tine ? - Daphn\u00e9 Dejay\" \/>\n<meta property=\"og:description\" content=\"Un petit album jeunesse sur le sevrage de la t\u00e9tine Grace \u00e0 ce livre, renoncer \u00e0 sa t\u00e9tine devient une \u00e9tape plus accessible \u00e0 l&rsquo;enfant. Pour mieux affronter le sevrage, l&rsquo;enfant choisit sa t\u00e9tine pr\u00e9f\u00e9r\u00e9e parmi les vignettes autocollantes et les colle sur le personnage \u00e0 qui il souhaite la donner. De plus, une t\u00e9tine [&hellip;]\" \/>\n<meta property=\"og:url\" content=\"https:\/\/daphnedejay.com\/art\/produit\/qui-veut-ma-tetine\/\" \/>\n<meta property=\"og:site_name\" content=\"Daphn\u00e9 Dejay\" \/>\n<meta property=\"article:modified_time\" content=\"2022-12-27T17:24:01+00:00\" \/>\n<meta property=\"og:image\" content=\"https:\/\/daphnedejay.com\/art\/wp-content\/uploads\/2022\/12\/006-tetine-15x15-1.jpg\" \/>\n\t<meta property=\"og:image:width\" content=\"1200\" \/>\n\t<meta property=\"og:image:height\" content=\"1200\" \/>\n\t<meta property=\"og:image:type\" content=\"image\/jpeg\" \/>\n<meta name=\"twitter:card\" content=\"summary_large_image\" \/>\n<script type=\"application\/ld+json\" class=\"yoast-schema-graph\">{\"@context\":\"https:\/\/schema.org\",\"@graph\":[{\"@type\":\"WebPage\",\"@id\":\"https:\/\/daphnedejay.com\/art\/produit\/qui-veut-ma-tetine\/\",\"url\":\"https:\/\/daphnedejay.com\/art\/produit\/qui-veut-ma-tetine\/\",\"name\":\"Qui veut ma t\u00e9tine ? - Daphn\u00e9 Dejay\",\"isPartOf\":{\"@id\":\"https:\/\/daphnedejay.com\/art\/#website\"},\"primaryImageOfPage\":{\"@id\":\"https:\/\/daphnedejay.com\/art\/produit\/qui-veut-ma-tetine\/#primaryimage\"},\"image\":{\"@id\":\"https:\/\/daphnedejay.com\/art\/produit\/qui-veut-ma-tetine\/#primaryimage\"},\"thumbnailUrl\":\"https:\/\/daphnedejay.com\/art\/wp-content\/uploads\/2022\/12\/006-tetine-15x15-1.jpg\",\"datePublished\":\"2022-12-14T15:46:10+00:00\",\"dateModified\":\"2022-12-27T17:24:01+00:00\",\"breadcrumb\":{\"@id\":\"https:\/\/daphnedejay.com\/art\/produit\/qui-veut-ma-tetine\/#breadcrumb\"},\"inLanguage\":\"fr-FR\",\"potentialAction\":[{\"@type\":\"ReadAction\",\"target\":[\"https:\/\/daphnedejay.com\/art\/produit\/qui-veut-ma-tetine\/\"]}]},{\"@type\":\"ImageObject\",\"inLanguage\":\"fr-FR\",\"@id\":\"https:\/\/daphnedejay.com\/art\/produit\/qui-veut-ma-tetine\/#primaryimage\",\"url\":\"https:\/\/daphnedejay.com\/art\/wp-content\/uploads\/2022\/12\/006-tetine-15x15-1.jpg\",\"contentUrl\":\"https:\/\/daphnedejay.com\/art\/wp-content\/uploads\/2022\/12\/006-tetine-15x15-1.jpg\",\"width\":1200,\"height\":1200,\"caption\":\"Un petit album jeunesse sur le sevrage de la t\u00e9tine - 10 t\u00e9tines autocollantes repositionnables\"},{\"@type\":\"BreadcrumbList\",\"@id\":\"https:\/\/daphnedejay.com\/art\/produit\/qui-veut-ma-tetine\/#breadcrumb\",\"itemListElement\":[{\"@type\":\"ListItem\",\"position\":1,\"name\":\"Accueil\",\"item\":\"https:\/\/daphnedejay.com\/art\/\"},{\"@type\":\"ListItem\",\"position\":2,\"name\":\"Boutique\",\"item\":\"https:\/\/daphnedejay.com\/art\/boutique\/\"},{\"@type\":\"ListItem\",\"position\":3,\"name\":\"Qui veut ma t\u00e9tine ?\"}]},{\"@type\":\"WebSite\",\"@id\":\"https:\/\/daphnedejay.com\/art\/#website\",\"url\":\"https:\/\/daphnedejay.com\/art\/\",\"name\":\"Daphn\u00e9 Dejay\",\"description\":\"-\",\"potentialAction\":[{\"@type\":\"SearchAction\",\"target\":{\"@type\":\"EntryPoint\",\"urlTemplate\":\"https:\/\/daphnedejay.com\/art\/?s={search_term_string}\"},\"query-input\":\"required name=search_term_string\"}],\"inLanguage\":\"fr-FR\"}]}<\/script>\n<!-- \/ Yoast SEO plugin. -->","yoast_head_json":{"title":"Qui veut ma t\u00e9tine ? - Daphn\u00e9 Dejay","robots":{"index":"index","follow":"follow","max-snippet":"max-snippet:-1","max-image-preview":"max-image-preview:large","max-video-preview":"max-video-preview:-1"},"canonical":"https:\/\/daphnedejay.com\/art\/produit\/qui-veut-ma-tetine\/","og_locale":"fr_FR","og_type":"article","og_title":"Qui veut ma t\u00e9tine ? - Daphn\u00e9 Dejay","og_description":"Un petit album jeunesse sur le sevrage de la t\u00e9tine Grace \u00e0 ce livre, renoncer \u00e0 sa t\u00e9tine devient une \u00e9tape plus accessible \u00e0 l&rsquo;enfant. Pour mieux affronter le sevrage, l&rsquo;enfant choisit sa t\u00e9tine pr\u00e9f\u00e9r\u00e9e parmi les vignettes autocollantes et les colle sur le personnage \u00e0 qui il souhaite la donner. De plus, une t\u00e9tine [&hellip;]","og_url":"https:\/\/daphnedejay.com\/art\/produit\/qui-veut-ma-tetine\/","og_site_name":"Daphn\u00e9 Dejay","article_modified_time":"2022-12-27T17:24:01+00:00","og_image":[{"width":1200,"height":1200,"url":"https:\/\/daphnedejay.com\/art\/wp-content\/uploads\/2022\/12\/006-tetine-15x15-1.jpg","type":"image\/jpeg"}],"twitter_card":"summary_large_image","schema":{"@context":"https:\/\/schema.org","@graph":[{"@type":"WebPage","@id":"https:\/\/daphnedejay.com\/art\/produit\/qui-veut-ma-tetine\/","url":"https:\/\/daphnedejay.com\/art\/produit\/qui-veut-ma-tetine\/","name":"Qui veut ma t\u00e9tine ? - Daphn\u00e9 Dejay","isPartOf":{"@id":"https:\/\/daphnedejay.com\/art\/#website"},"primaryImageOfPage":{"@id":"https:\/\/daphnedejay.com\/art\/produit\/qui-veut-ma-tetine\/#primaryimage"},"image":{"@id":"https:\/\/daphnedejay.com\/art\/produit\/qui-veut-ma-tetine\/#primaryimage"},"thumbnailUrl":"https:\/\/daphnedejay.com\/art\/wp-content\/uploads\/2022\/12\/006-tetine-15x15-1.jpg","datePublished":"2022-12-14T15:46:10+00:00","dateModified":"2022-12-27T17:24:01+00:00","breadcrumb":{"@id":"https:\/\/daphnedejay.com\/art\/produit\/qui-veut-ma-tetine\/#breadcrumb"},"inLanguage":"fr-FR","potentialAction":[{"@type":"ReadAction","target":["https:\/\/daphnedejay.com\/art\/produit\/qui-veut-ma-tetine\/"]}]},{"@type":"ImageObject","inLanguage":"fr-FR","@id":"https:\/\/daphnedejay.com\/art\/produit\/qui-veut-ma-tetine\/#primaryimage","url":"https:\/\/daphnedejay.com\/art\/wp-content\/uploads\/2022\/12\/006-tetine-15x15-1.jpg","contentUrl":"https:\/\/daphnedejay.com\/art\/wp-content\/uploads\/2022\/12\/006-tetine-15x15-1.jpg","width":1200,"height":1200,"caption":"Un petit album jeunesse sur le sevrage de la t\u00e9tine - 10 t\u00e9tines autocollantes repositionnables"},{"@type":"BreadcrumbList","@id":"https:\/\/daphnedejay.com\/art\/produit\/qui-veut-ma-tetine\/#breadcrumb","itemListElement":[{"@type":"ListItem","position":1,"name":"Accueil","item":"https:\/\/daphnedejay.com\/art\/"},{"@type":"ListItem","position":2,"name":"Boutique","item":"https:\/\/daphnedejay.com\/art\/boutique\/"},{"@type":"ListItem","position":3,"name":"Qui veut ma t\u00e9tine ?"}]},{"@type":"WebSite","@id":"https:\/\/daphnedejay.com\/art\/#website","url":"https:\/\/daphnedejay.com\/art\/","name":"Daphn\u00e9 Dejay","description":"-","potentialAction":[{"@type":"SearchAction","target":{"@type":"EntryPoint","urlTemplate":"https:\/\/daphnedejay.com\/art\/?s={search_term_string}"},"query-input":"required name=search_term_string"}],"inLanguage":"fr-FR"}]}},"_links":{"self":[{"href":"https:\/\/daphnedejay.com\/art\/wp-json\/wp\/v2\/product\/3158","targetHints":{"allow":["GET"]}}],"collection":[{"href":"https:\/\/daphnedejay.com\/art\/wp-json\/wp\/v2\/product"}],"about":[{"href":"https:\/\/daphnedejay.com\/art\/wp-json\/wp\/v2\/types\/product"}],"replies":[{"embeddable":true,"href":"https:\/\/daphnedejay.com\/art\/wp-json\/wp\/v2\/comments?post=3158"}],"wp:featuredmedia":[{"embeddable":true,"href":"https:\/\/daphnedejay.com\/art\/wp-json\/wp\/v2\/media\/3159"}],"wp:attachment":[{"href":"https:\/\/daphnedejay.com\/art\/wp-json\/wp\/v2\/media?parent=3158"}],"wp:term":[{"taxonomy":"product_brand","embeddable":true,"href":"https:\/\/daphnedejay.com\/art\/wp-json\/wp\/v2\/product_brand?post=3158"},{"taxonomy":"product_cat","embeddable":true,"href":"https:\/\/daphnedejay.com\/art\/wp-json\/wp\/v2\/product_cat?post=3158"},{"taxonomy":"product_tag","embeddable":true,"href":"https:\/\/daphnedejay.com\/art\/wp-json\/wp\/v2\/product_tag?post=3158"}],"curies":[{"name":"wp","href":"https:\/\/api.w.org\/{rel}","templated":true}]}}