{"id":3164,"date":"2022-12-14T16:52:07","date_gmt":"2022-12-14T15:52:07","guid":{"rendered":"https:\/\/daphnedejay.com\/art\/?post_type=product&#038;p=3164"},"modified":"2022-12-27T18:01:09","modified_gmt":"2022-12-27T17:01:09","slug":"pourquoi-tu-as-deux-mamans","status":"publish","type":"product","link":"https:\/\/daphnedejay.com\/art\/produit\/pourquoi-tu-as-deux-mamans\/","title":{"rendered":"Pourquoi tu as deux mamans ?"},"content":{"rendered":"<p>Un livre d\u00e9di\u00e9 \u00e0 tous les enfants n\u00e9s dans des familles ou \u00ab\u00a0maman\u00a0\u00bb s&rsquo;\u00e9crit au pluriel.<\/p>\n<p>Deux femmes se rencontrent, s\u2019aiment et d\u00e9sirent devenir parents.<br \/>\nTwo woman meet, fall in love and want to become parents.<\/p>\n<p>Aujourd\u2019hui, elles sont mamans de cet enfant n\u00e9 du fruit de leur amour et d\u2019un don extraordinaire..<\/p>\n<p>Auteur : Nathalie Sizaret<br \/>\nIllustratrice : Daphn\u00e9 Dejay<br \/>\n28 pages illustr\u00e9es &#8211; Couverture souple<br \/>\nFormat : 20 x 20 cm<\/p>\n","protected":false},"excerpt":{"rendered":"<p>Un livre d\u00e9di\u00e9 \u00e0 tous les enfants n\u00e9s dans des familles ou \u00ab\u00a0maman\u00a0\u00bb s&rsquo;\u00e9crit au pluriel. Deux femmes se rencontrent, s\u2019aiment et d\u00e9sirent devenir parents. Two woman meet, fall in love and want to become parents. Aujourd\u2019hui, elles sont mamans de cet enfant n\u00e9 du fruit de leur amour et d\u2019un don extraordinaire.. Auteur : [&hellip;]<\/p>\n","protected":false},"featured_media":3165,"comment_status":"open","ping_status":"closed","template":"","meta":{"om_disable_all_campaigns":false,"_monsterinsights_skip_tracking":false,"_monsterinsights_sitenote_active":false,"_monsterinsights_sitenote_note":"","_monsterinsights_sitenote_category":0},"product_brand":[],"product_cat":[135],"product_tag":[],"class_list":{"0":"post-3164","1":"product","2":"type-product","3":"status-publish","4":"has-post-thumbnail","6":"product_cat-livres","7":"product_shipping_class-colissimo-a","9":"first","10":"instock","11":"shipping-taxable","12":"purchasable","13":"product-type-simple"},"yoast_head":"<!-- This site is optimized with the Yoast SEO plugin v22.9 - https:\/\/yoast.com\/wordpress\/plugins\/seo\/ -->\n<title>Pourquoi tu as deux mamans ? - Daphn\u00e9 Dejay<\/title>\n<meta name=\"robots\" content=\"index, follow, max-snippet:-1, max-image-preview:large, max-video-preview:-1\" \/>\n<link rel=\"canonical\" href=\"https:\/\/daphnedejay.com\/art\/produit\/pourquoi-tu-as-deux-mamans\/\" \/>\n<meta property=\"og:locale\" content=\"fr_FR\" \/>\n<meta property=\"og:type\" content=\"article\" \/>\n<meta property=\"og:title\" content=\"Pourquoi tu as deux mamans ? - Daphn\u00e9 Dejay\" \/>\n<meta property=\"og:description\" content=\"Un livre d\u00e9di\u00e9 \u00e0 tous les enfants n\u00e9s dans des familles ou \u00ab\u00a0maman\u00a0\u00bb s&rsquo;\u00e9crit au pluriel. Deux femmes se rencontrent, s\u2019aiment et d\u00e9sirent devenir parents. Two woman meet, fall in love and want to become parents. Aujourd\u2019hui, elles sont mamans de cet enfant n\u00e9 du fruit de leur amour et d\u2019un don extraordinaire.. Auteur : [&hellip;]\" \/>\n<meta property=\"og:url\" content=\"https:\/\/daphnedejay.com\/art\/produit\/pourquoi-tu-as-deux-mamans\/\" \/>\n<meta property=\"og:site_name\" content=\"Daphn\u00e9 Dejay\" \/>\n<meta property=\"article:modified_time\" content=\"2022-12-27T17:01:09+00:00\" \/>\n<meta property=\"og:image\" content=\"https:\/\/daphnedejay.com\/art\/wp-content\/uploads\/2022\/12\/005-2mamans-20x20-1.jpg\" \/>\n\t<meta property=\"og:image:width\" content=\"1200\" \/>\n\t<meta property=\"og:image:height\" content=\"1200\" \/>\n\t<meta property=\"og:image:type\" content=\"image\/jpeg\" \/>\n<meta name=\"twitter:card\" content=\"summary_large_image\" \/>\n<script type=\"application\/ld+json\" class=\"yoast-schema-graph\">{\"@context\":\"https:\/\/schema.org\",\"@graph\":[{\"@type\":\"WebPage\",\"@id\":\"https:\/\/daphnedejay.com\/art\/produit\/pourquoi-tu-as-deux-mamans\/\",\"url\":\"https:\/\/daphnedejay.com\/art\/produit\/pourquoi-tu-as-deux-mamans\/\",\"name\":\"Pourquoi tu as deux mamans ? - Daphn\u00e9 Dejay\",\"isPartOf\":{\"@id\":\"https:\/\/daphnedejay.com\/art\/#website\"},\"primaryImageOfPage\":{\"@id\":\"https:\/\/daphnedejay.com\/art\/produit\/pourquoi-tu-as-deux-mamans\/#primaryimage\"},\"image\":{\"@id\":\"https:\/\/daphnedejay.com\/art\/produit\/pourquoi-tu-as-deux-mamans\/#primaryimage\"},\"thumbnailUrl\":\"https:\/\/daphnedejay.com\/art\/wp-content\/uploads\/2022\/12\/005-2mamans-20x20-1.jpg\",\"datePublished\":\"2022-12-14T15:52:07+00:00\",\"dateModified\":\"2022-12-27T17:01:09+00:00\",\"breadcrumb\":{\"@id\":\"https:\/\/daphnedejay.com\/art\/produit\/pourquoi-tu-as-deux-mamans\/#breadcrumb\"},\"inLanguage\":\"fr-FR\",\"potentialAction\":[{\"@type\":\"ReadAction\",\"target\":[\"https:\/\/daphnedejay.com\/art\/produit\/pourquoi-tu-as-deux-mamans\/\"]}]},{\"@type\":\"ImageObject\",\"inLanguage\":\"fr-FR\",\"@id\":\"https:\/\/daphnedejay.com\/art\/produit\/pourquoi-tu-as-deux-mamans\/#primaryimage\",\"url\":\"https:\/\/daphnedejay.com\/art\/wp-content\/uploads\/2022\/12\/005-2mamans-20x20-1.jpg\",\"contentUrl\":\"https:\/\/daphnedejay.com\/art\/wp-content\/uploads\/2022\/12\/005-2mamans-20x20-1.jpg\",\"width\":1200,\"height\":1200,\"caption\":\"Deux femmes se rencontrent, s\u2019aiment et d\u00e9sirent devenir parents. Two woman meet, fall in love and want to become parents.\"},{\"@type\":\"BreadcrumbList\",\"@id\":\"https:\/\/daphnedejay.com\/art\/produit\/pourquoi-tu-as-deux-mamans\/#breadcrumb\",\"itemListElement\":[{\"@type\":\"ListItem\",\"position\":1,\"name\":\"Accueil\",\"item\":\"https:\/\/daphnedejay.com\/art\/\"},{\"@type\":\"ListItem\",\"position\":2,\"name\":\"Boutique\",\"item\":\"https:\/\/daphnedejay.com\/art\/boutique\/\"},{\"@type\":\"ListItem\",\"position\":3,\"name\":\"Pourquoi tu as deux mamans ?\"}]},{\"@type\":\"WebSite\",\"@id\":\"https:\/\/daphnedejay.com\/art\/#website\",\"url\":\"https:\/\/daphnedejay.com\/art\/\",\"name\":\"Daphn\u00e9 Dejay\",\"description\":\"-\",\"potentialAction\":[{\"@type\":\"SearchAction\",\"target\":{\"@type\":\"EntryPoint\",\"urlTemplate\":\"https:\/\/daphnedejay.com\/art\/?s={search_term_string}\"},\"query-input\":\"required name=search_term_string\"}],\"inLanguage\":\"fr-FR\"}]}<\/script>\n<!-- \/ Yoast SEO plugin. -->","yoast_head_json":{"title":"Pourquoi tu as deux mamans ? - Daphn\u00e9 Dejay","robots":{"index":"index","follow":"follow","max-snippet":"max-snippet:-1","max-image-preview":"max-image-preview:large","max-video-preview":"max-video-preview:-1"},"canonical":"https:\/\/daphnedejay.com\/art\/produit\/pourquoi-tu-as-deux-mamans\/","og_locale":"fr_FR","og_type":"article","og_title":"Pourquoi tu as deux mamans ? - Daphn\u00e9 Dejay","og_description":"Un livre d\u00e9di\u00e9 \u00e0 tous les enfants n\u00e9s dans des familles ou \u00ab\u00a0maman\u00a0\u00bb s&rsquo;\u00e9crit au pluriel. Deux femmes se rencontrent, s\u2019aiment et d\u00e9sirent devenir parents. Two woman meet, fall in love and want to become parents. Aujourd\u2019hui, elles sont mamans de cet enfant n\u00e9 du fruit de leur amour et d\u2019un don extraordinaire.. Auteur : [&hellip;]","og_url":"https:\/\/daphnedejay.com\/art\/produit\/pourquoi-tu-as-deux-mamans\/","og_site_name":"Daphn\u00e9 Dejay","article_modified_time":"2022-12-27T17:01:09+00:00","og_image":[{"width":1200,"height":1200,"url":"https:\/\/daphnedejay.com\/art\/wp-content\/uploads\/2022\/12\/005-2mamans-20x20-1.jpg","type":"image\/jpeg"}],"twitter_card":"summary_large_image","schema":{"@context":"https:\/\/schema.org","@graph":[{"@type":"WebPage","@id":"https:\/\/daphnedejay.com\/art\/produit\/pourquoi-tu-as-deux-mamans\/","url":"https:\/\/daphnedejay.com\/art\/produit\/pourquoi-tu-as-deux-mamans\/","name":"Pourquoi tu as deux mamans ? - Daphn\u00e9 Dejay","isPartOf":{"@id":"https:\/\/daphnedejay.com\/art\/#website"},"primaryImageOfPage":{"@id":"https:\/\/daphnedejay.com\/art\/produit\/pourquoi-tu-as-deux-mamans\/#primaryimage"},"image":{"@id":"https:\/\/daphnedejay.com\/art\/produit\/pourquoi-tu-as-deux-mamans\/#primaryimage"},"thumbnailUrl":"https:\/\/daphnedejay.com\/art\/wp-content\/uploads\/2022\/12\/005-2mamans-20x20-1.jpg","datePublished":"2022-12-14T15:52:07+00:00","dateModified":"2022-12-27T17:01:09+00:00","breadcrumb":{"@id":"https:\/\/daphnedejay.com\/art\/produit\/pourquoi-tu-as-deux-mamans\/#breadcrumb"},"inLanguage":"fr-FR","potentialAction":[{"@type":"ReadAction","target":["https:\/\/daphnedejay.com\/art\/produit\/pourquoi-tu-as-deux-mamans\/"]}]},{"@type":"ImageObject","inLanguage":"fr-FR","@id":"https:\/\/daphnedejay.com\/art\/produit\/pourquoi-tu-as-deux-mamans\/#primaryimage","url":"https:\/\/daphnedejay.com\/art\/wp-content\/uploads\/2022\/12\/005-2mamans-20x20-1.jpg","contentUrl":"https:\/\/daphnedejay.com\/art\/wp-content\/uploads\/2022\/12\/005-2mamans-20x20-1.jpg","width":1200,"height":1200,"caption":"Deux femmes se rencontrent, s\u2019aiment et d\u00e9sirent devenir parents. Two woman meet, fall in love and want to become parents."},{"@type":"BreadcrumbList","@id":"https:\/\/daphnedejay.com\/art\/produit\/pourquoi-tu-as-deux-mamans\/#breadcrumb","itemListElement":[{"@type":"ListItem","position":1,"name":"Accueil","item":"https:\/\/daphnedejay.com\/art\/"},{"@type":"ListItem","position":2,"name":"Boutique","item":"https:\/\/daphnedejay.com\/art\/boutique\/"},{"@type":"ListItem","position":3,"name":"Pourquoi tu as deux mamans ?"}]},{"@type":"WebSite","@id":"https:\/\/daphnedejay.com\/art\/#website","url":"https:\/\/daphnedejay.com\/art\/","name":"Daphn\u00e9 Dejay","description":"-","potentialAction":[{"@type":"SearchAction","target":{"@type":"EntryPoint","urlTemplate":"https:\/\/daphnedejay.com\/art\/?s={search_term_string}"},"query-input":"required name=search_term_string"}],"inLanguage":"fr-FR"}]}},"_links":{"self":[{"href":"https:\/\/daphnedejay.com\/art\/wp-json\/wp\/v2\/product\/3164","targetHints":{"allow":["GET"]}}],"collection":[{"href":"https:\/\/daphnedejay.com\/art\/wp-json\/wp\/v2\/product"}],"about":[{"href":"https:\/\/daphnedejay.com\/art\/wp-json\/wp\/v2\/types\/product"}],"replies":[{"embeddable":true,"href":"https:\/\/daphnedejay.com\/art\/wp-json\/wp\/v2\/comments?post=3164"}],"wp:featuredmedia":[{"embeddable":true,"href":"https:\/\/daphnedejay.com\/art\/wp-json\/wp\/v2\/media\/3165"}],"wp:attachment":[{"href":"https:\/\/daphnedejay.com\/art\/wp-json\/wp\/v2\/media?parent=3164"}],"wp:term":[{"taxonomy":"product_brand","embeddable":true,"href":"https:\/\/daphnedejay.com\/art\/wp-json\/wp\/v2\/product_brand?post=3164"},{"taxonomy":"product_cat","embeddable":true,"href":"https:\/\/daphnedejay.com\/art\/wp-json\/wp\/v2\/product_cat?post=3164"},{"taxonomy":"product_tag","embeddable":true,"href":"https:\/\/daphnedejay.com\/art\/wp-json\/wp\/v2\/product_tag?post=3164"}],"curies":[{"name":"wp","href":"https:\/\/api.w.org\/{rel}","templated":true}]}}