{"id":3636,"date":"2022-12-29T01:46:39","date_gmt":"2022-12-29T00:46:39","guid":{"rendered":"https:\/\/daphnedejay.com\/art\/?post_type=product&#038;p=3636"},"modified":"2022-12-29T01:47:21","modified_gmt":"2022-12-29T00:47:21","slug":"hope-4","status":"publish","type":"product","link":"https:\/\/daphnedejay.com\/art\/produit\/hope-4\/","title":{"rendered":"Hope violet"},"content":{"rendered":"<p>En r\u00e9f\u00e9rence \u00e0 la conf\u00e9rence de oiseaux\u00a0 de Farid Ud Din Attar , chaque oiseau Hope est porteur d&rsquo;espoir<\/p>\n<p>R\u00e9sine Acrylique \u2013 Vernis sur socle en bois r\u00e9hauss\u00e9 d\u2019un disque de plexis<\/p>\n","protected":false},"excerpt":{"rendered":"<p>En r\u00e9f\u00e9rence \u00e0 la conf\u00e9rence de oiseaux\u00a0 de Farid Ud Din Attar , chaque oiseau Hope est porteur d&rsquo;espoir R\u00e9sine Acrylique \u2013 Vernis sur socle en bois r\u00e9hauss\u00e9 d\u2019un disque de plexis<\/p>\n","protected":false},"featured_media":3637,"comment_status":"open","ping_status":"closed","template":"","meta":{"om_disable_all_campaigns":false,"_monsterinsights_skip_tracking":false,"_monsterinsights_sitenote_active":false,"_monsterinsights_sitenote_note":"","_monsterinsights_sitenote_category":0},"product_brand":[],"product_cat":[146],"product_tag":[],"class_list":{"0":"post-3636","1":"product","2":"type-product","3":"status-publish","4":"has-post-thumbnail","6":"product_cat-oiseaux","7":"product_shipping_class-colissimo-c","9":"first","10":"instock","11":"shipping-taxable","12":"purchasable","13":"product-type-simple"},"yoast_head":"<!-- This site is optimized with the Yoast SEO plugin v22.9 - https:\/\/yoast.com\/wordpress\/plugins\/seo\/ -->\n<title>Hope violet - Daphn\u00e9 Dejay<\/title>\n<meta name=\"robots\" content=\"index, follow, max-snippet:-1, max-image-preview:large, max-video-preview:-1\" \/>\n<link rel=\"canonical\" href=\"https:\/\/daphnedejay.com\/art\/produit\/hope-4\/\" \/>\n<meta property=\"og:locale\" content=\"fr_FR\" \/>\n<meta property=\"og:type\" content=\"article\" \/>\n<meta property=\"og:title\" content=\"Hope violet - Daphn\u00e9 Dejay\" \/>\n<meta property=\"og:description\" content=\"En r\u00e9f\u00e9rence \u00e0 la conf\u00e9rence de oiseaux\u00a0 de Farid Ud Din Attar , chaque oiseau Hope est porteur d&rsquo;espoir R\u00e9sine Acrylique \u2013 Vernis sur socle en bois r\u00e9hauss\u00e9 d\u2019un disque de plexis\" \/>\n<meta property=\"og:url\" content=\"https:\/\/daphnedejay.com\/art\/produit\/hope-4\/\" \/>\n<meta property=\"og:site_name\" content=\"Daphn\u00e9 Dejay\" \/>\n<meta property=\"article:modified_time\" content=\"2022-12-29T00:47:21+00:00\" \/>\n<meta property=\"og:image\" content=\"https:\/\/daphnedejay.com\/art\/wp-content\/uploads\/2022\/12\/HOPE-6.jpg\" \/>\n\t<meta property=\"og:image:width\" content=\"1200\" \/>\n\t<meta property=\"og:image:height\" content=\"1200\" \/>\n\t<meta property=\"og:image:type\" content=\"image\/jpeg\" \/>\n<meta name=\"twitter:card\" content=\"summary_large_image\" \/>\n<script type=\"application\/ld+json\" class=\"yoast-schema-graph\">{\"@context\":\"https:\/\/schema.org\",\"@graph\":[{\"@type\":\"WebPage\",\"@id\":\"https:\/\/daphnedejay.com\/art\/produit\/hope-4\/\",\"url\":\"https:\/\/daphnedejay.com\/art\/produit\/hope-4\/\",\"name\":\"Hope violet - Daphn\u00e9 Dejay\",\"isPartOf\":{\"@id\":\"https:\/\/daphnedejay.com\/art\/#website\"},\"primaryImageOfPage\":{\"@id\":\"https:\/\/daphnedejay.com\/art\/produit\/hope-4\/#primaryimage\"},\"image\":{\"@id\":\"https:\/\/daphnedejay.com\/art\/produit\/hope-4\/#primaryimage\"},\"thumbnailUrl\":\"https:\/\/daphnedejay.com\/art\/wp-content\/uploads\/2022\/12\/HOPE-6.jpg\",\"datePublished\":\"2022-12-29T00:46:39+00:00\",\"dateModified\":\"2022-12-29T00:47:21+00:00\",\"breadcrumb\":{\"@id\":\"https:\/\/daphnedejay.com\/art\/produit\/hope-4\/#breadcrumb\"},\"inLanguage\":\"fr-FR\",\"potentialAction\":[{\"@type\":\"ReadAction\",\"target\":[\"https:\/\/daphnedejay.com\/art\/produit\/hope-4\/\"]}]},{\"@type\":\"ImageObject\",\"inLanguage\":\"fr-FR\",\"@id\":\"https:\/\/daphnedejay.com\/art\/produit\/hope-4\/#primaryimage\",\"url\":\"https:\/\/daphnedejay.com\/art\/wp-content\/uploads\/2022\/12\/HOPE-6.jpg\",\"contentUrl\":\"https:\/\/daphnedejay.com\/art\/wp-content\/uploads\/2022\/12\/HOPE-6.jpg\",\"width\":1200,\"height\":1200,\"caption\":\"oiseau sur socle haut violet - Oiseau en r\u00e9sine Acrylique \u2013 Vernis sur socle en bois r\u00e9hauss\u00e9 d\u2019un disque de plexis En r\u00e9f\u00e9rence \u00e0 la conf\u00e9rence de oiseaux\u00a0 de Farid Ud Din Attar , chaque oiseau Hope est porteur d'espoir\"},{\"@type\":\"BreadcrumbList\",\"@id\":\"https:\/\/daphnedejay.com\/art\/produit\/hope-4\/#breadcrumb\",\"itemListElement\":[{\"@type\":\"ListItem\",\"position\":1,\"name\":\"Accueil\",\"item\":\"https:\/\/daphnedejay.com\/art\/\"},{\"@type\":\"ListItem\",\"position\":2,\"name\":\"Boutique\",\"item\":\"https:\/\/daphnedejay.com\/art\/boutique\/\"},{\"@type\":\"ListItem\",\"position\":3,\"name\":\"Hope violet\"}]},{\"@type\":\"WebSite\",\"@id\":\"https:\/\/daphnedejay.com\/art\/#website\",\"url\":\"https:\/\/daphnedejay.com\/art\/\",\"name\":\"Daphn\u00e9 Dejay\",\"description\":\"-\",\"potentialAction\":[{\"@type\":\"SearchAction\",\"target\":{\"@type\":\"EntryPoint\",\"urlTemplate\":\"https:\/\/daphnedejay.com\/art\/?s={search_term_string}\"},\"query-input\":\"required name=search_term_string\"}],\"inLanguage\":\"fr-FR\"}]}<\/script>\n<!-- \/ Yoast SEO plugin. -->","yoast_head_json":{"title":"Hope violet - Daphn\u00e9 Dejay","robots":{"index":"index","follow":"follow","max-snippet":"max-snippet:-1","max-image-preview":"max-image-preview:large","max-video-preview":"max-video-preview:-1"},"canonical":"https:\/\/daphnedejay.com\/art\/produit\/hope-4\/","og_locale":"fr_FR","og_type":"article","og_title":"Hope violet - Daphn\u00e9 Dejay","og_description":"En r\u00e9f\u00e9rence \u00e0 la conf\u00e9rence de oiseaux\u00a0 de Farid Ud Din Attar , chaque oiseau Hope est porteur d&rsquo;espoir R\u00e9sine Acrylique \u2013 Vernis sur socle en bois r\u00e9hauss\u00e9 d\u2019un disque de plexis","og_url":"https:\/\/daphnedejay.com\/art\/produit\/hope-4\/","og_site_name":"Daphn\u00e9 Dejay","article_modified_time":"2022-12-29T00:47:21+00:00","og_image":[{"width":1200,"height":1200,"url":"https:\/\/daphnedejay.com\/art\/wp-content\/uploads\/2022\/12\/HOPE-6.jpg","type":"image\/jpeg"}],"twitter_card":"summary_large_image","schema":{"@context":"https:\/\/schema.org","@graph":[{"@type":"WebPage","@id":"https:\/\/daphnedejay.com\/art\/produit\/hope-4\/","url":"https:\/\/daphnedejay.com\/art\/produit\/hope-4\/","name":"Hope violet - Daphn\u00e9 Dejay","isPartOf":{"@id":"https:\/\/daphnedejay.com\/art\/#website"},"primaryImageOfPage":{"@id":"https:\/\/daphnedejay.com\/art\/produit\/hope-4\/#primaryimage"},"image":{"@id":"https:\/\/daphnedejay.com\/art\/produit\/hope-4\/#primaryimage"},"thumbnailUrl":"https:\/\/daphnedejay.com\/art\/wp-content\/uploads\/2022\/12\/HOPE-6.jpg","datePublished":"2022-12-29T00:46:39+00:00","dateModified":"2022-12-29T00:47:21+00:00","breadcrumb":{"@id":"https:\/\/daphnedejay.com\/art\/produit\/hope-4\/#breadcrumb"},"inLanguage":"fr-FR","potentialAction":[{"@type":"ReadAction","target":["https:\/\/daphnedejay.com\/art\/produit\/hope-4\/"]}]},{"@type":"ImageObject","inLanguage":"fr-FR","@id":"https:\/\/daphnedejay.com\/art\/produit\/hope-4\/#primaryimage","url":"https:\/\/daphnedejay.com\/art\/wp-content\/uploads\/2022\/12\/HOPE-6.jpg","contentUrl":"https:\/\/daphnedejay.com\/art\/wp-content\/uploads\/2022\/12\/HOPE-6.jpg","width":1200,"height":1200,"caption":"oiseau sur socle haut violet - Oiseau en r\u00e9sine Acrylique \u2013 Vernis sur socle en bois r\u00e9hauss\u00e9 d\u2019un disque de plexis En r\u00e9f\u00e9rence \u00e0 la conf\u00e9rence de oiseaux\u00a0 de Farid Ud Din Attar , chaque oiseau Hope est porteur d'espoir"},{"@type":"BreadcrumbList","@id":"https:\/\/daphnedejay.com\/art\/produit\/hope-4\/#breadcrumb","itemListElement":[{"@type":"ListItem","position":1,"name":"Accueil","item":"https:\/\/daphnedejay.com\/art\/"},{"@type":"ListItem","position":2,"name":"Boutique","item":"https:\/\/daphnedejay.com\/art\/boutique\/"},{"@type":"ListItem","position":3,"name":"Hope violet"}]},{"@type":"WebSite","@id":"https:\/\/daphnedejay.com\/art\/#website","url":"https:\/\/daphnedejay.com\/art\/","name":"Daphn\u00e9 Dejay","description":"-","potentialAction":[{"@type":"SearchAction","target":{"@type":"EntryPoint","urlTemplate":"https:\/\/daphnedejay.com\/art\/?s={search_term_string}"},"query-input":"required name=search_term_string"}],"inLanguage":"fr-FR"}]}},"_links":{"self":[{"href":"https:\/\/daphnedejay.com\/art\/wp-json\/wp\/v2\/product\/3636","targetHints":{"allow":["GET"]}}],"collection":[{"href":"https:\/\/daphnedejay.com\/art\/wp-json\/wp\/v2\/product"}],"about":[{"href":"https:\/\/daphnedejay.com\/art\/wp-json\/wp\/v2\/types\/product"}],"replies":[{"embeddable":true,"href":"https:\/\/daphnedejay.com\/art\/wp-json\/wp\/v2\/comments?post=3636"}],"wp:featuredmedia":[{"embeddable":true,"href":"https:\/\/daphnedejay.com\/art\/wp-json\/wp\/v2\/media\/3637"}],"wp:attachment":[{"href":"https:\/\/daphnedejay.com\/art\/wp-json\/wp\/v2\/media?parent=3636"}],"wp:term":[{"taxonomy":"product_brand","embeddable":true,"href":"https:\/\/daphnedejay.com\/art\/wp-json\/wp\/v2\/product_brand?post=3636"},{"taxonomy":"product_cat","embeddable":true,"href":"https:\/\/daphnedejay.com\/art\/wp-json\/wp\/v2\/product_cat?post=3636"},{"taxonomy":"product_tag","embeddable":true,"href":"https:\/\/daphnedejay.com\/art\/wp-json\/wp\/v2\/product_tag?post=3636"}],"curies":[{"name":"wp","href":"https:\/\/api.w.org\/{rel}","templated":true}]}}